{"id":11,"date":"2025-01-01T18:58:52","date_gmt":"2025-01-01T17:58:52","guid":{"rendered":"http:\/\/lemonbee.theresarechtlehner.at\/?page_id=11"},"modified":"2026-03-30T09:26:08","modified_gmt":"2026-03-30T07:26:08","slug":"impressum","status":"publish","type":"page","link":"https:\/\/cberry.de\/en\/impressum\/","title":{"rendered":"Impressum"},"content":{"rendered":"<p>[et_pb_section fb_built=&#8220;1&#8243; _builder_version=&#8220;4.27.4&#8243; _module_preset=&#8220;default&#8220; global_colors_info=&#8220;{}&#8220;][et_pb_row _builder_version=&#8220;4.27.4&#8243; _module_preset=&#8220;default&#8220; global_colors_info=&#8220;{}&#8220;][et_pb_column type=&#8220;4_4&#8243; _builder_version=&#8220;4.27.4&#8243; _module_preset=&#8220;default&#8220; global_colors_info=&#8220;{}&#8220;][et_pb_heading title=&#8220;Impressum&#8220; _builder_version=&#8220;4.27.4&#8243; _module_preset=&#8220;default&#8220; title_font=&#8220;Poppins|700|||||||&#8220; title_text_color=&#8220;#2D2A29&#8243; global_colors_info=&#8220;{}&#8220;][\/et_pb_heading][et_pb_text _builder_version=&#8220;4.27.4&#8243; _module_preset=&#8220;default&#8220; text_font=&#8220;&#8211;et_global_body_font||||||||&#8220; text_text_color=&#8220;#2D2A29&#8243; header_2_font=&#8220;&#8211;et_global_heading_font|600|||||||&#8220; header_2_line_height=&#8220;1.3em&#8220; header_2_font_size_tablet=&#8220;20px&#8220; header_2_font_size_phone=&#8220;16px&#8220; header_2_font_size_last_edited=&#8220;on|desktop&#8220; header_2_line_height_tablet=&#8220;1.3em&#8220; header_2_line_height_phone=&#8220;1.3em&#8220; header_2_line_height_last_edited=&#8220;on|phone&#8220; global_colors_info=&#8220;{}&#8220;]<\/p>\n<p>Konrad Papendieck<br \/>cBerry &#8211; Konrad Papendieck<br \/>Kirchweg 128c<br \/>24558 Henstedt-Ulzburg<\/p>\n<p>USt-ID: DE428481582<\/p>\n<h2>Kontakt<\/h2>\n<p>Telefon: +49 (0) 151 29 600 456<br \/>E-Mail: info@cberry.de<\/p>\n<h2>Berufsbezeichnung und berufsrechtliche Regelungen<\/h2>\n<p>Berufsbezeichnung:<br \/>Ingenieur Elektro- &amp; Informationstechnik &amp; Wirtschaftsingenieur<\/p>\n<h2>Redaktionell verantwortlich<\/h2>\n<p>Konrad Papendieck<br \/>Sch\u00fctzenstra\u00dfe 39a<br \/>24568 Kaltenkirchen<\/p>\n<h2>EU-Streitschlichtung<\/h2>\n<p>Die Europ\u00e4ische Kommission stellt eine Plattform zur Online-Streitbeilegung (OS) bereit: <a href=\"https:\/\/ec.europa.eu\/consumers\/odr\/\" target=\"_blank\" rel=\"noopener  noreferrer\">https:\/\/ec.europa.eu\/consumers\/odr\/<\/a>.<br \/>Unsere E-Mail-Adresse finden Sie oben im Impressum.<\/p>\n<h2>Verbraucher\u00adstreit\u00adbeilegung\/Universal\u00adschlichtungs\u00adstelle<\/h2>\n<p>Wir sind nicht bereit oder verpflichtet, an Streitbeilegungsverfahren vor einer Verbraucherschlichtungsstelle teilzunehmen.<\/p>\n<p>Quelle: <a href=\"https:\/\/www.e-recht24.de\">e-recht24.de<\/a><\/p>\n<p>[\/et_pb_text][\/et_pb_column][\/et_pb_row][\/et_pb_section]<\/p>\n","protected":false},"excerpt":{"rendered":"<p>Konrad PapendieckcBerry &#8211; Konrad PapendieckKirchweg 128c24558 Henstedt-Ulzburg USt-ID: DE428481582 Kontakt Telefon: +49 (0) 151 29 600 456E-Mail: info@cberry.de Berufsbezeichnung und berufsrechtliche Regelungen Berufsbezeichnung:Ingenieur Elektro- &amp; Informationstechnik &amp; Wirtschaftsingenieur Redaktionell verantwortlich Konrad PapendieckSch\u00fctzenstra\u00dfe 39a24568 Kaltenkirchen EU-Streitschlichtung Die Europ\u00e4ische Kommission stellt eine Plattform zur Online-Streitbeilegung (OS) bereit: https:\/\/ec.europa.eu\/consumers\/odr\/.Unsere E-Mail-Adresse finden Sie oben im Impressum. Verbraucher\u00adstreit\u00adbeilegung\/Universal\u00adschlichtungs\u00adstelle Wir sind [&hellip;]<\/p>\n","protected":false},"author":1,"featured_media":0,"parent":0,"menu_order":0,"comment_status":"closed","ping_status":"closed","template":"","meta":{"_et_pb_use_builder":"on","_et_pb_old_content":"<!-- wp:divi\/placeholder \/-->","_et_gb_content_width":"","footnotes":""},"class_list":["post-11","page","type-page","status-publish","hentry"],"yoast_head":"<!-- This site is optimized with the Yoast SEO plugin v27.2 - https:\/\/yoast.com\/product\/yoast-seo-wordpress\/ -->\n<title>Impressum - cBerry<\/title>\n<meta name=\"robots\" content=\"index, follow, max-snippet:-1, max-image-preview:large, max-video-preview:-1\" \/>\n<link rel=\"canonical\" href=\"https:\/\/cberry.de\/en\/impressum\/\" \/>\n<meta property=\"og:locale\" content=\"en_US\" \/>\n<meta property=\"og:type\" content=\"article\" \/>\n<meta property=\"og:title\" content=\"Impressum - cBerry\" \/>\n<meta property=\"og:description\" content=\"Konrad PapendieckcBerry - Konrad PapendieckKirchweg 128c24558 Henstedt-Ulzburg USt-ID: DE428481582 Kontakt Telefon: +49 (0) 151 29 600 456E-Mail: info@cberry.de Berufsbezeichnung und berufsrechtliche Regelungen Berufsbezeichnung:Ingenieur Elektro- &amp; Informationstechnik &amp; Wirtschaftsingenieur Redaktionell verantwortlich Konrad PapendieckSch\u00fctzenstra\u00dfe 39a24568 Kaltenkirchen EU-Streitschlichtung Die Europ\u00e4ische Kommission stellt eine Plattform zur Online-Streitbeilegung (OS) bereit: https:\/\/ec.europa.eu\/consumers\/odr\/.Unsere E-Mail-Adresse finden Sie oben im Impressum. Verbraucher\u00adstreit\u00adbeilegung\/Universal\u00adschlichtungs\u00adstelle Wir sind [&hellip;]\" \/>\n<meta property=\"og:url\" content=\"https:\/\/cberry.de\/en\/impressum\/\" \/>\n<meta property=\"og:site_name\" content=\"cBerry\" \/>\n<meta property=\"article:modified_time\" content=\"2026-03-30T07:26:08+00:00\" \/>\n<meta name=\"twitter:card\" content=\"summary_large_image\" \/>\n<meta name=\"twitter:label1\" content=\"Est. reading time\" \/>\n\t<meta name=\"twitter:data1\" content=\"1 minute\" \/>\n<script type=\"application\/ld+json\" class=\"yoast-schema-graph\">{\"@context\":\"https:\/\/schema.org\",\"@graph\":[{\"@type\":\"WebPage\",\"@id\":\"https:\/\/cberry.de\/impressum\/\",\"url\":\"https:\/\/cberry.de\/impressum\/\",\"name\":\"Impressum - cBerry\",\"isPartOf\":{\"@id\":\"https:\/\/cberry.de\/#website\"},\"datePublished\":\"2025-01-01T17:58:52+00:00\",\"dateModified\":\"2026-03-30T07:26:08+00:00\",\"breadcrumb\":{\"@id\":\"https:\/\/cberry.de\/impressum\/#breadcrumb\"},\"inLanguage\":\"en-US\",\"potentialAction\":[{\"@type\":\"ReadAction\",\"target\":[\"https:\/\/cberry.de\/impressum\/\"]}]},{\"@type\":\"BreadcrumbList\",\"@id\":\"https:\/\/cberry.de\/impressum\/#breadcrumb\",\"itemListElement\":[{\"@type\":\"ListItem\",\"position\":1,\"name\":\"Startseite\",\"item\":\"https:\/\/cberry.de\/\"},{\"@type\":\"ListItem\",\"position\":2,\"name\":\"Impressum\"}]},{\"@type\":\"WebSite\",\"@id\":\"https:\/\/cberry.de\/#website\",\"url\":\"https:\/\/cberry.de\/\",\"name\":\"lemonbee\",\"description\":\"smart power for mobile life\",\"publisher\":{\"@id\":\"https:\/\/cberry.de\/#organization\"},\"potentialAction\":[{\"@type\":\"SearchAction\",\"target\":{\"@type\":\"EntryPoint\",\"urlTemplate\":\"https:\/\/cberry.de\/?s={search_term_string}\"},\"query-input\":{\"@type\":\"PropertyValueSpecification\",\"valueRequired\":true,\"valueName\":\"search_term_string\"}}],\"inLanguage\":\"en-US\"},{\"@type\":\"Organization\",\"@id\":\"https:\/\/cberry.de\/#organization\",\"name\":\"lemonbee\",\"url\":\"https:\/\/cberry.de\/\",\"logo\":{\"@type\":\"ImageObject\",\"inLanguage\":\"en-US\",\"@id\":\"https:\/\/cberry.de\/#\/schema\/logo\/image\/\",\"url\":\"https:\/\/cberry.de\/wp-content\/uploads\/2025\/02\/lemonbee-logo-vertikal-black-rgb-900px-w-72ppi.png\",\"contentUrl\":\"https:\/\/cberry.de\/wp-content\/uploads\/2025\/02\/lemonbee-logo-vertikal-black-rgb-900px-w-72ppi.png\",\"width\":900,\"height\":632,\"caption\":\"lemonbee\"},\"image\":{\"@id\":\"https:\/\/cberry.de\/#\/schema\/logo\/image\/\"},\"sameAs\":[\"https:\/\/www.instagram.com\/lemonbee.electronics\/?igsh=MWlzbHlycW9xazExbg\",\"https:\/\/www.linkedin.com\/company\/lemonbee-electronics\/\"]}]}<\/script>\n<!-- \/ Yoast SEO plugin. -->","yoast_head_json":{"title":"Impressum - cBerry","robots":{"index":"index","follow":"follow","max-snippet":"max-snippet:-1","max-image-preview":"max-image-preview:large","max-video-preview":"max-video-preview:-1"},"canonical":"https:\/\/cberry.de\/en\/impressum\/","og_locale":"en_US","og_type":"article","og_title":"Impressum - cBerry","og_description":"Konrad PapendieckcBerry - Konrad PapendieckKirchweg 128c24558 Henstedt-Ulzburg USt-ID: DE428481582 Kontakt Telefon: +49 (0) 151 29 600 456E-Mail: info@cberry.de Berufsbezeichnung und berufsrechtliche Regelungen Berufsbezeichnung:Ingenieur Elektro- &amp; Informationstechnik &amp; Wirtschaftsingenieur Redaktionell verantwortlich Konrad PapendieckSch\u00fctzenstra\u00dfe 39a24568 Kaltenkirchen EU-Streitschlichtung Die Europ\u00e4ische Kommission stellt eine Plattform zur Online-Streitbeilegung (OS) bereit: https:\/\/ec.europa.eu\/consumers\/odr\/.Unsere E-Mail-Adresse finden Sie oben im Impressum. Verbraucher\u00adstreit\u00adbeilegung\/Universal\u00adschlichtungs\u00adstelle Wir sind [&hellip;]","og_url":"https:\/\/cberry.de\/en\/impressum\/","og_site_name":"cBerry","article_modified_time":"2026-03-30T07:26:08+00:00","twitter_card":"summary_large_image","twitter_misc":{"Est. reading time":"1 minute"},"schema":{"@context":"https:\/\/schema.org","@graph":[{"@type":"WebPage","@id":"https:\/\/cberry.de\/impressum\/","url":"https:\/\/cberry.de\/impressum\/","name":"Impressum - cBerry","isPartOf":{"@id":"https:\/\/cberry.de\/#website"},"datePublished":"2025-01-01T17:58:52+00:00","dateModified":"2026-03-30T07:26:08+00:00","breadcrumb":{"@id":"https:\/\/cberry.de\/impressum\/#breadcrumb"},"inLanguage":"en-US","potentialAction":[{"@type":"ReadAction","target":["https:\/\/cberry.de\/impressum\/"]}]},{"@type":"BreadcrumbList","@id":"https:\/\/cberry.de\/impressum\/#breadcrumb","itemListElement":[{"@type":"ListItem","position":1,"name":"Startseite","item":"https:\/\/cberry.de\/"},{"@type":"ListItem","position":2,"name":"Impressum"}]},{"@type":"WebSite","@id":"https:\/\/cberry.de\/#website","url":"https:\/\/cberry.de\/","name":"lemonbee","description":"smart power for mobile life","publisher":{"@id":"https:\/\/cberry.de\/#organization"},"potentialAction":[{"@type":"SearchAction","target":{"@type":"EntryPoint","urlTemplate":"https:\/\/cberry.de\/?s={search_term_string}"},"query-input":{"@type":"PropertyValueSpecification","valueRequired":true,"valueName":"search_term_string"}}],"inLanguage":"en-US"},{"@type":"Organization","@id":"https:\/\/cberry.de\/#organization","name":"lemonbee","url":"https:\/\/cberry.de\/","logo":{"@type":"ImageObject","inLanguage":"en-US","@id":"https:\/\/cberry.de\/#\/schema\/logo\/image\/","url":"https:\/\/cberry.de\/wp-content\/uploads\/2025\/02\/lemonbee-logo-vertikal-black-rgb-900px-w-72ppi.png","contentUrl":"https:\/\/cberry.de\/wp-content\/uploads\/2025\/02\/lemonbee-logo-vertikal-black-rgb-900px-w-72ppi.png","width":900,"height":632,"caption":"lemonbee"},"image":{"@id":"https:\/\/cberry.de\/#\/schema\/logo\/image\/"},"sameAs":["https:\/\/www.instagram.com\/lemonbee.electronics\/?igsh=MWlzbHlycW9xazExbg","https:\/\/www.linkedin.com\/company\/lemonbee-electronics\/"]}]}},"_links":{"self":[{"href":"https:\/\/cberry.de\/en\/wp-json\/wp\/v2\/pages\/11","targetHints":{"allow":["GET"]}}],"collection":[{"href":"https:\/\/cberry.de\/en\/wp-json\/wp\/v2\/pages"}],"about":[{"href":"https:\/\/cberry.de\/en\/wp-json\/wp\/v2\/types\/page"}],"author":[{"embeddable":true,"href":"https:\/\/cberry.de\/en\/wp-json\/wp\/v2\/users\/1"}],"replies":[{"embeddable":true,"href":"https:\/\/cberry.de\/en\/wp-json\/wp\/v2\/comments?post=11"}],"version-history":[{"count":4,"href":"https:\/\/cberry.de\/en\/wp-json\/wp\/v2\/pages\/11\/revisions"}],"predecessor-version":[{"id":600,"href":"https:\/\/cberry.de\/en\/wp-json\/wp\/v2\/pages\/11\/revisions\/600"}],"wp:attachment":[{"href":"https:\/\/cberry.de\/en\/wp-json\/wp\/v2\/media?parent=11"}],"curies":[{"name":"wp","href":"https:\/\/api.w.org\/{rel}","templated":true}]}}